{"id":302,"date":"2024-06-07T17:08:09","date_gmt":"2024-06-07T17:08:09","guid":{"rendered":"https:\/\/liepupis.lt\/?page_id=302"},"modified":"2025-07-23T00:37:55","modified_gmt":"2025-07-23T00:37:55","slug":"apie","status":"publish","type":"page","link":"https:\/\/liepupis.lt\/en\/apie\/","title":{"rendered":"About"},"content":{"rendered":"<div class=\"wp-block-group alignfull has-global-padding is-layout-constrained wp-container-core-group-is-layout-2b810489 wp-block-group-is-layout-constrained\" style=\"padding-top:3rem\">\n<div class=\"wp-block-group has-global-padding is-layout-constrained wp-container-core-group-is-layout-d51288b8 wp-block-group-is-layout-constrained\">\n<div class=\"wp-block-buttons is-content-justification-center is-layout-flex wp-container-core-buttons-is-layout-dd6549c1 wp-block-buttons-is-layout-flex\" style=\"margin-top:2.01rem;margin-bottom:0\"><\/div>\n<\/div>\n\n\n\n<div class=\"wp-block-columns alignfull is-layout-flex wp-container-core-columns-is-layout-65fc320f wp-block-columns-is-layout-flex\" style=\"padding-top:3rem\">\n<div class=\"wp-block-column is-layout-flow wp-block-column-is-layout-flow\" style=\"padding-top:1rem;padding-right:0.5em;padding-bottom:1rem;padding-left:0.5em\">\n<figure class=\"wp-block-image aligncenter size-full\"><img loading=\"lazy\" decoding=\"async\" width=\"853\" height=\"1280\" src=\"https:\/\/liepupis.lt\/wp-content\/uploads\/2024\/08\/DSC00729-2.jpg\" alt=\"\" class=\"wp-image-838\" srcset=\"https:\/\/liepupis.lt\/wp-content\/uploads\/2024\/08\/DSC00729-2.jpg 853w, https:\/\/liepupis.lt\/wp-content\/uploads\/2024\/08\/DSC00729-2-200x300.jpg 200w, https:\/\/liepupis.lt\/wp-content\/uploads\/2024\/08\/DSC00729-2-682x1024.jpg 682w, https:\/\/liepupis.lt\/wp-content\/uploads\/2024\/08\/DSC00729-2-768x1152.jpg 768w\" sizes=\"auto, (max-width: 853px) 100vw, 853px\" \/><\/figure>\n<\/div>\n\n\n\n<div class=\"wp-block-column is-layout-flow wp-block-column-is-layout-flow\" style=\"padding-top:1rem;padding-right:0.5rem;padding-bottom:1rem;padding-left:0.5rem\">\n<figure class=\"wp-block-image aligncenter size-full\"><img loading=\"lazy\" decoding=\"async\" width=\"853\" height=\"1280\" src=\"https:\/\/liepupis.lt\/wp-content\/uploads\/2024\/08\/DSC00735-1.jpg\" alt=\"\" class=\"wp-image-829\" srcset=\"https:\/\/liepupis.lt\/wp-content\/uploads\/2024\/08\/DSC00735-1.jpg 853w, https:\/\/liepupis.lt\/wp-content\/uploads\/2024\/08\/DSC00735-1-200x300.jpg 200w, https:\/\/liepupis.lt\/wp-content\/uploads\/2024\/08\/DSC00735-1-682x1024.jpg 682w, https:\/\/liepupis.lt\/wp-content\/uploads\/2024\/08\/DSC00735-1-768x1152.jpg 768w\" sizes=\"auto, (max-width: 853px) 100vw, 853px\" \/><\/figure>\n<\/div>\n\n\n\n<div class=\"wp-block-column is-layout-flow wp-block-column-is-layout-flow\" style=\"padding-top:1rem;padding-right:0.5rem;padding-bottom:1rem;padding-left:0.5rem\">\n<figure class=\"wp-block-image aligncenter size-full\"><img loading=\"lazy\" decoding=\"async\" width=\"853\" height=\"1280\" src=\"https:\/\/liepupis.lt\/wp-content\/uploads\/2024\/08\/DSC00714-1.jpg\" alt=\"\" class=\"wp-image-828\" srcset=\"https:\/\/liepupis.lt\/wp-content\/uploads\/2024\/08\/DSC00714-1.jpg 853w, https:\/\/liepupis.lt\/wp-content\/uploads\/2024\/08\/DSC00714-1-200x300.jpg 200w, https:\/\/liepupis.lt\/wp-content\/uploads\/2024\/08\/DSC00714-1-682x1024.jpg 682w, https:\/\/liepupis.lt\/wp-content\/uploads\/2024\/08\/DSC00714-1-768x1152.jpg 768w\" sizes=\"auto, (max-width: 853px) 100vw, 853px\" \/><\/figure>\n<\/div>\n\n\n\n<div class=\"wp-block-column is-layout-flow wp-block-column-is-layout-flow\" style=\"padding-top:1rem;padding-right:0.5rem;padding-bottom:1rem;padding-left:0.5rem\">\n<figure class=\"wp-block-image aligncenter size-full\"><img loading=\"lazy\" decoding=\"async\" width=\"853\" height=\"1280\" src=\"https:\/\/liepupis.lt\/wp-content\/uploads\/2024\/08\/DSC00673-1.jpg\" alt=\"\" class=\"wp-image-824\" srcset=\"https:\/\/liepupis.lt\/wp-content\/uploads\/2024\/08\/DSC00673-1.jpg 853w, https:\/\/liepupis.lt\/wp-content\/uploads\/2024\/08\/DSC00673-1-200x300.jpg 200w, https:\/\/liepupis.lt\/wp-content\/uploads\/2024\/08\/DSC00673-1-682x1024.jpg 682w, https:\/\/liepupis.lt\/wp-content\/uploads\/2024\/08\/DSC00673-1-768x1152.jpg 768w\" sizes=\"auto, (max-width: 853px) 100vw, 853px\" \/><\/figure>\n<\/div>\n<\/div>\n<\/div>\n\n\n\n<p><\/p>\n\n\n\n<div class=\"wp-block-group alignwide has-global-padding is-layout-constrained wp-container-core-group-is-layout-fc62357b wp-block-group-is-layout-constrained\" style=\"margin-top:0px;padding-top:0px;padding-right:0;padding-bottom:0px;padding-left:0\">\n<div class=\"wp-block-columns has-background is-layout-flex wp-container-core-columns-is-layout-bc3265f1 wp-block-columns-is-layout-flex\" style=\"background-color:#eaeff9;margin-top:0px;margin-bottom:0px;padding-top:12px;padding-right:12px;padding-bottom:12px;padding-left:12px\">\n<div class=\"wp-block-column is-layout-flow wp-block-column-is-layout-flow\">\n<figure class=\"wp-block-image aligncenter size-full is-resized\"><img loading=\"lazy\" decoding=\"async\" width=\"1280\" height=\"853\" src=\"https:\/\/liepupis.lt\/wp-content\/uploads\/2024\/08\/DSC00820.jpg\" alt=\"\" class=\"wp-image-834\" style=\"aspect-ratio:0.7658643326039387;object-fit:contain;width:478px;height:auto\" srcset=\"https:\/\/liepupis.lt\/wp-content\/uploads\/2024\/08\/DSC00820.jpg 1280w, https:\/\/liepupis.lt\/wp-content\/uploads\/2024\/08\/DSC00820-300x200.jpg 300w, https:\/\/liepupis.lt\/wp-content\/uploads\/2024\/08\/DSC00820-1024x682.jpg 1024w, https:\/\/liepupis.lt\/wp-content\/uploads\/2024\/08\/DSC00820-768x512.jpg 768w\" sizes=\"auto, (max-width: 1280px) 100vw, 1280px\" \/><\/figure>\n<\/div>\n\n\n\n<div class=\"wp-block-column is-vertically-aligned-center is-layout-flow wp-container-core-column-is-layout-3d072ba8 wp-block-column-is-layout-flow\">\n<h2 class=\"wp-block-heading has-text-color has-josefin-sans-font-family\" style=\"color:#292f45;margin-top:0;margin-bottom:0;padding-top:0;padding-bottom:0;font-size:clamp(22.041px, 1.378rem + ((1vw - 3.2px) * 1.586), 36px);font-style:normal;font-weight:600;line-height:1.3\">Why choose log houses?<\/h2>\n\n\n\n<p><strong>Natural beauty:<\/strong> Wooden houses exude a warmth and character that no other building material can match. Every piece of wood tells a story, creating a unique and cozy atmosphere in every room.<\/p>\n\n\n\n<p><strong>Sustainability:<\/strong> Wood is a renewable resource that is responsibly sourced and has a lower environmental impact than traditional building materials.&nbsp;<\/p>\n\n\n\n<p><strong>Durability and strength:<\/strong> Wooden structures are designed to withstand the challenges of time, offering unparalleled strength and durability. Our company uses advanced technologies to enhance the natural durability of wood.<\/p>\n\n\n<p class=\"fonts-plugin-block\"><strong>Energy efficiency:<\/strong> Wooden houses naturally maintain energy efficiency by providing excellent thermal insulation, thereby reducing energy costs.<br><br><\/p>\n\n\n<div class=\"wp-block-buttons is-horizontal is-content-justification-left is-layout-flex wp-container-core-buttons-is-layout-c986f038 wp-block-buttons-is-layout-flex\" style=\"margin-top:0;margin-bottom:0\">\n<div class=\"wp-block-button is-style-outline is-style-outline--1\"><a class=\"wp-block-button__link has-text-color has-background has-josefin-sans-font-family has-text-align-center has-custom-font-size wp-element-button\" href=\"https:\/\/liepupis.lt\/en\/paslaugos\/\" style=\"border-style:none;border-width:0px;border-radius:0px;color:#ffffff;background-color:#ea6f66;padding-top:9px;padding-right:25px;padding-bottom:9px;padding-left:25px;font-size:clamp(14px, 0.875rem + ((1vw - 3.2px) * 0.455), 18px);\">Services<\/a><\/div>\n<\/div>\n<\/div>\n<\/div>\n<\/div>\n\n\n\n<div class=\"wp-block-cover alignfull is-light\" style=\"margin-top:0;margin-bottom:0;padding-top:100px;padding-bottom:22px;min-height:646px;aspect-ratio:unset;\"><span aria-hidden=\"true\" class=\"wp-block-cover__background has-background-dim-0 has-background-dim\" style=\"background-color:#696778\"><\/span><div class=\"wp-block-cover__inner-container has-global-padding is-layout-constrained wp-container-core-cover-is-layout-cdd366b6 wp-block-cover-is-layout-constrained\">\n<p class=\"has-text-align-center has-text-color has-link-color has-belleza-font-family wp-elements-5c551a46d6e470ba3ea75ef173bda703\" style=\"color:#3a3a3a;font-size:clamp(20px, 1.25rem + ((1vw - 3.2px) * 1.364), 32px);\">Our process starts with:<\/p>\n\n\n\n<hr class=\"wp-block-separator has-text-color has-alpha-channel-opacity has-background\" style=\"margin-top:15px;margin-bottom:15px;background-color:#ffffff;color:#ffffff\"\/>\n\n\n\n<div class=\"wp-block-columns is-layout-flex wp-container-core-columns-is-layout-f350720d wp-block-columns-is-layout-flex\" style=\"padding-top:20px\">\n<div class=\"wp-block-column has-background is-layout-flow wp-container-core-column-is-layout-af27bfb9 wp-block-column-is-layout-flow\" style=\"background-color:#e9e4dc;padding-top:30px;padding-right:20px;padding-bottom:30px;padding-left:20px\">\n<h6 class=\"wp-block-heading has-text-color has-link-color has-inter-font-family wp-elements-798f7dc0d23b270ef5d6d68ff9e44882\" style=\"color:#3a3a3a;padding-top:20px;font-size:clamp(14px, 0.875rem + ((1vw - 3.2px) * 0.682), 20px);font-style:normal;font-weight:500;text-transform:uppercase\"><strong>CONSULTATION:<\/strong><\/h6>\n\n\n\n<p class=\"has-text-color has-link-color has-lexend-font-family wp-elements-29ae33ea81b7a8def4ef1c21b793c5fa\" style=\"color:#3a3a3a;font-size:clamp(14px, 0.875rem + ((1vw - 3.2px) * 0.227), 16px);\">We start by understanding your vision, needs, and budget.<\/p>\n<\/div>\n\n\n\n<div class=\"wp-block-column has-background is-layout-flow wp-container-core-column-is-layout-af27bfb9 wp-block-column-is-layout-flow\" style=\"background-color:#e9e4dc;padding-top:30px;padding-right:20px;padding-bottom:30px;padding-left:20px\">\n<h6 class=\"wp-block-heading has-text-color has-link-color has-inter-font-family wp-elements-fd694a681335f41c15586108159fcdc1\" style=\"color:#3a3a3a;padding-top:20px;font-size:clamp(14px, 0.875rem + ((1vw - 3.2px) * 0.682), 20px);font-style:normal;font-weight:500;text-transform:uppercase\"><strong>Design and planning:<br><\/strong><\/h6>\n\n\n\n<p class=\"has-text-color has-link-color has-lexend-font-family wp-elements-b7124f4828a73b44a9eb53e613914d85\" style=\"color:#3a3a3a;font-size:clamp(14px, 0.875rem + ((1vw - 3.2px) * 0.227), 16px);\">We create an individual technical plan and estimate tailored to your wishes.<\/p>\n<\/div>\n\n\n\n<div class=\"wp-block-column has-background is-layout-flow wp-container-core-column-is-layout-af27bfb9 wp-block-column-is-layout-flow\" style=\"background-color:#e9e4dc;padding-top:30px;padding-right:20px;padding-bottom:30px;padding-left:20px\">\n<h6 class=\"wp-block-heading has-text-color has-link-color has-inter-font-family wp-elements-7e1f9feb4c36839fd9a993cfac5a465e\" style=\"color:#3a3a3a;padding-top:20px;font-size:clamp(14px, 0.875rem + ((1vw - 3.2px) * 0.682), 20px);font-style:normal;font-weight:500;text-transform:uppercase\"><strong>Material selection:<\/strong><\/h6>\n\n\n\n<p class=\"has-text-color has-link-color has-lexend-font-family wp-elements-d5f4edf2ce12792c738fc81ff6166343\" style=\"color:#3a3a3a;font-size:clamp(14px, 0.875rem + ((1vw - 3.2px) * 0.227), 16px);\">We prefer high-quality glued wood and finishes.<\/p>\n<\/div>\n<\/div>\n\n\n\n<div class=\"wp-block-columns is-layout-flex wp-container-core-columns-is-layout-f350720d wp-block-columns-is-layout-flex\" style=\"padding-top:20px\">\n<div class=\"wp-block-column has-background is-layout-flow wp-container-core-column-is-layout-af27bfb9 wp-block-column-is-layout-flow\" style=\"background-color:#e9e4dc;padding-top:30px;padding-right:20px;padding-bottom:30px;padding-left:20px\">\n<h6 class=\"wp-block-heading has-text-color has-link-color has-inter-font-family wp-elements-5a2b8dd59354977cd5e256b28c34555f\" style=\"color:#3a3a3a;padding-top:20px;font-size:clamp(14px, 0.875rem + ((1vw - 3.2px) * 0.682), 20px);font-style:normal;font-weight:500;text-transform:uppercase\"><strong>CONSTRUCTION:<\/strong><\/h6>\n\n\n\n<p class=\"has-text-color has-link-color has-lexend-font-family wp-elements-1a19da7189d682b7acc8dc9dd43a6dab\" style=\"color:#3a3a3a;font-size:clamp(14px, 0.875rem + ((1vw - 3.2px) * 0.227), 16px);\">Our experienced team realizes your ideas.<\/p>\n<\/div>\n\n\n\n<div class=\"wp-block-column has-background is-layout-flow wp-container-core-column-is-layout-af27bfb9 wp-block-column-is-layout-flow\" style=\"background-color:#e9e4dc;padding-top:30px;padding-right:20px;padding-bottom:30px;padding-left:20px\">\n<h6 class=\"wp-block-heading has-text-color has-link-color has-inter-font-family wp-elements-8bab2bc7396d4bb5f5311fb7c85cb9e5\" style=\"color:#3a3a3a;padding-top:20px;font-size:clamp(14px, 0.875rem + ((1vw - 3.2px) * 0.682), 20px);font-style:normal;font-weight:500;text-transform:uppercase\"><strong>Quality assurance:<\/strong><\/h6>\n\n\n\n<p class=\"has-text-color has-link-color has-lexend-font-family wp-elements-133c8777aa15a7faf7ce105f396fb708\" style=\"color:#3a3a3a;font-size:clamp(14px, 0.875rem + ((1vw - 3.2px) * 0.227), 16px);\">We ensure quality by working diligently and monitoring every stage of the work.<\/p>\n<\/div>\n\n\n\n<div class=\"wp-block-column has-background is-layout-flow wp-container-core-column-is-layout-af27bfb9 wp-block-column-is-layout-flow\" style=\"background-color:#e9e4dc;padding-top:30px;padding-right:20px;padding-bottom:30px;padding-left:20px\">\n<h6 class=\"wp-block-heading has-text-color has-link-color has-inter-font-family wp-elements-e3d73b8dd336b0d0c3c2a1f5d5900e4f\" style=\"color:#3a3a3a;padding-top:20px;font-size:clamp(14px, 0.875rem + ((1vw - 3.2px) * 0.682), 20px);font-style:normal;font-weight:500;text-transform:uppercase\"><strong>Completion and handover:<\/strong><\/h6>\n\n\n\n<p class=\"has-text-color has-link-color has-lexend-font-family wp-elements-9cce9f5bc5884e74e5ed407143ae761f\" style=\"color:#3a3a3a;font-size:clamp(14px, 0.875rem + ((1vw - 3.2px) * 0.227), 16px);\">Your wooden house is ready to live in and enjoy comfort and quality.<\/p>\n<\/div>\n<\/div>\n<\/div><\/div>\n\n\n\n<div class=\"wp-block-group alignwide has-global-padding is-layout-constrained wp-container-core-group-is-layout-591f7ead wp-block-group-is-layout-constrained\" style=\"margin-top:0rem;margin-bottom:0rem;padding-top:0rem;padding-bottom:2.7rem;padding-left:0\">\n<div class=\"wp-block-group alignfull has-global-padding is-layout-constrained wp-container-core-group-is-layout-0aac047f wp-block-group-is-layout-constrained\" style=\"margin-top:0rem;margin-bottom:0rem;padding-top:7.1rem;padding-right:0;padding-bottom:4rem;padding-left:0\">\n<div class=\"wp-block-columns is-layout-flex wp-container-core-columns-is-layout-d7d455e7 wp-block-columns-is-layout-flex\" style=\"padding-top:0;padding-right:0;padding-bottom:0;padding-left:0\">\n<div class=\"wp-block-column is-vertically-aligned-center is-layout-flow wp-block-column-is-layout-flow\" style=\"border-style:none;border-width:0px;padding-top:0;padding-right:0;padding-bottom:0;padding-left:0;flex-basis:45%\">\n<div class=\"wp-block-group has-global-padding is-content-justification-center is-layout-constrained wp-container-core-group-is-layout-5f6a33f4 wp-block-group-is-layout-constrained\" style=\"border-radius:0px;min-height:0px;margin-top:0;margin-bottom:0;padding-top:0;padding-right:0;padding-bottom:0;padding-left:0\">\n<h2 class=\"wp-block-heading has-text-align-center has-text-color\" style=\"color:#1f1f1f;font-size:clamp(1.352rem, 1.352rem + ((1vw - 0.2rem) * 1.542), 2.2rem);letter-spacing:1.5px;line-height:1.3\">Own house<\/h2>\n\n\n\n<p class=\"has-text-align-left has-text-color has-link-color wp-elements-68c9c72c8ad3673f804b0c4991a669d5\" style=\"color:#1f1f1f;font-size:clamp(0.875rem, 0.875rem + ((1vw - 0.2rem) * 0.409), 1.1rem);\">It is a secret that hides between wooden walls, a peace that slowly touches the heart, and a comfort that warmly embraces you at every step.<\/p>\n<\/div>\n<\/div>\n\n\n\n<div class=\"wp-block-column is-layout-flow wp-block-column-is-layout-flow\" style=\"flex-basis:55%\">\n<div class=\"wp-block-group has-global-padding is-layout-constrained wp-block-group-is-layout-constrained\">\n<figure class=\"wp-block-image aligncenter size-full is-resized has-custom-border\"><img loading=\"lazy\" decoding=\"async\" width=\"1549\" height=\"2000\" src=\"https:\/\/liepupis.lt\/wp-content\/uploads\/2024\/06\/20201010_203933-1.jpg\" alt=\"\" class=\"wp-image-744\" style=\"border-style:none;border-width:0px;width:454px;height:auto\" srcset=\"https:\/\/liepupis.lt\/wp-content\/uploads\/2024\/06\/20201010_203933-1.jpg 1549w, https:\/\/liepupis.lt\/wp-content\/uploads\/2024\/06\/20201010_203933-1-232x300.jpg 232w, https:\/\/liepupis.lt\/wp-content\/uploads\/2024\/06\/20201010_203933-1-793x1024.jpg 793w, https:\/\/liepupis.lt\/wp-content\/uploads\/2024\/06\/20201010_203933-1-768x992.jpg 768w, https:\/\/liepupis.lt\/wp-content\/uploads\/2024\/06\/20201010_203933-1-1190x1536.jpg 1190w\" sizes=\"auto, (max-width: 1549px) 100vw, 1549px\" \/><\/figure>\n<\/div>\n<\/div>\n<\/div>\n<\/div>\n<\/div>","protected":false},"excerpt":{"rendered":"<p>Kod\u0117l verta rinktis&nbsp;r\u0105stinius namus? Nat\u016bralus gro\u017eis: mediniai namai skleid\u017eia \u0161ilum\u0105 ir charakter\u012f, kuriam neprilygsta kitos statybin\u0117s med\u017eiagos. Kiekvienas med\u017eio dalis pasakoja istorij\u0105, sukurdamas unikali\u0105 ir jauki\u0105 atmosfer\u0105 kiekviename kambaryje. Tvarumas: mediena yra atsinaujinantis i\u0161teklius, kuris gaunamas atsakingai, daro ma\u017eesn\u012f poveik\u012f aplinkai, palyginti su tradicin\u0117mis statybin\u0117mis med\u017eiagomis.&nbsp; Patvarumas ir stiprumas: Medin\u0117s konstrukcijos yra sukurtos taip, kad [&hellip;]<\/p>\n","protected":false},"author":1,"featured_media":0,"parent":0,"menu_order":0,"comment_status":"closed","ping_status":"closed","template":"","meta":{"footnotes":""},"class_list":["post-302","page","type-page","status-publish","hentry"],"_links":{"self":[{"href":"https:\/\/liepupis.lt\/en\/wp-json\/wp\/v2\/pages\/302","targetHints":{"allow":["GET"]}}],"collection":[{"href":"https:\/\/liepupis.lt\/en\/wp-json\/wp\/v2\/pages"}],"about":[{"href":"https:\/\/liepupis.lt\/en\/wp-json\/wp\/v2\/types\/page"}],"author":[{"embeddable":true,"href":"https:\/\/liepupis.lt\/en\/wp-json\/wp\/v2\/users\/1"}],"replies":[{"embeddable":true,"href":"https:\/\/liepupis.lt\/en\/wp-json\/wp\/v2\/comments?post=302"}],"version-history":[{"count":104,"href":"https:\/\/liepupis.lt\/en\/wp-json\/wp\/v2\/pages\/302\/revisions"}],"predecessor-version":[{"id":1059,"href":"https:\/\/liepupis.lt\/en\/wp-json\/wp\/v2\/pages\/302\/revisions\/1059"}],"wp:attachment":[{"href":"https:\/\/liepupis.lt\/en\/wp-json\/wp\/v2\/media?parent=302"}],"curies":[{"name":"wp","href":"https:\/\/api.w.org\/{rel}","templated":true}]}}