{"id":306,"date":"2024-06-07T17:08:48","date_gmt":"2024-06-07T17:08:48","guid":{"rendered":"https:\/\/liepupis.lt\/?page_id=306"},"modified":"2025-07-23T00:33:11","modified_gmt":"2025-07-23T00:33:11","slug":"paslaugos","status":"publish","type":"page","link":"https:\/\/liepupis.lt\/en\/paslaugos\/","title":{"rendered":"Services"},"content":{"rendered":"<div class=\"wp-block-group alignfull has-global-padding is-layout-constrained wp-container-core-group-is-layout-751f7cd3 wp-block-group-is-layout-constrained\" style=\"min-height:0px;margin-top:0px;margin-bottom:0px;padding-top:1rem;padding-right:1rem;padding-bottom:1rem;padding-left:1rem\">\n<div class=\"wp-block-cover alignfull is-light\" style=\"margin-top:0;margin-bottom:0;padding-top:37px;padding-bottom:37px;min-height:637px;aspect-ratio:unset;\"><span aria-hidden=\"true\" class=\"wp-block-cover__background has-white-background-color has-background-dim-0 has-background-dim\"><\/span><div class=\"wp-block-cover__inner-container has-global-padding is-layout-constrained wp-container-core-cover-is-layout-9d609ed0 wp-block-cover-is-layout-constrained\">\n<div class=\"wp-block-group alignfull has-background has-global-padding is-layout-constrained wp-container-core-group-is-layout-4383d167 wp-block-group-is-layout-constrained\" style=\"background-color:#ffffff\">\n<h2 class=\"wp-block-heading has-text-align-center has-text-color has-background\" style=\"color:#000000;background-color:#ffffff;font-size:clamp(23.043px, 1.44rem + ((1vw - 3.2px) * 1.7), 38px);font-style:normal;font-weight:600\">Advantages of glued laminated timber<\/h2>\n\n\n\n<div class=\"wp-block-group alignwide has-background has-global-padding is-layout-constrained wp-container-core-group-is-layout-2e0accdb wp-block-group-is-layout-constrained\" style=\"background-color:#ffffff;margin-top:0;margin-bottom:0;padding-top:47px;padding-bottom:0px\">\n<div class=\"wp-block-columns is-layout-flex wp-container-core-columns-is-layout-70457ddf wp-block-columns-is-layout-flex\" style=\"padding-top:0px\">\n<div class=\"wp-block-column is-vertically-aligned-top is-layout-flow wp-container-core-column-is-layout-3ca914a4 wp-block-column-is-layout-flow\">\n<h6 class=\"wp-block-heading has-text-color\" style=\"color:#000000;font-size:clamp(14px, 0.875rem + ((1vw - 3.2px) * 0.568), 19px);font-style:normal;font-weight:800\">Quick assembly: <\/h6>\n\n\n\n<p class=\"has-text-color\" style=\"color:#000000;font-size:clamp(14px, 0.875rem + ((1vw - 3.2px) * 0.227), 16px);\">Our high-precision manufacturing process ensures fast assembly with parts manufactured to strict specifications.<\/p>\n<\/div>\n\n\n\n<div class=\"wp-block-column is-vertically-aligned-top is-layout-flow wp-container-core-column-is-layout-3ca914a4 wp-block-column-is-layout-flow\">\n<h6 class=\"wp-block-heading has-text-color\" style=\"color:#000000;font-size:clamp(14px, 0.875rem + ((1vw - 3.2px) * 0.568), 19px);font-style:normal;font-weight:800\">Stability and strength:<\/h6>\n\n\n\n<p class=\"has-text-color\" style=\"color:#000000;font-size:clamp(14px, 0.875rem + ((1vw - 3.2px) * 0.227), 16px);\">The gluing process stabilizes the wood, protecting it from deformation and rotation.<\/p>\n<\/div>\n\n\n\n<div class=\"wp-block-column is-vertically-aligned-top is-layout-flow wp-container-core-column-is-layout-3ca914a4 wp-block-column-is-layout-flow\">\n<h6 class=\"wp-block-heading has-text-color\" style=\"color:#000000;font-size:clamp(14px, 0.875rem + ((1vw - 3.2px) * 0.568), 19px);font-style:normal;font-weight:800\">Humidity control:&nbsp;<\/h6>\n\n\n\n<p class=\"has-text-color\" style=\"color:#000000;font-size:clamp(14px, 0.875rem + ((1vw - 3.2px) * 0.227), 16px);\">Effective moisture management is ensured during the drying process, which reduces the likelihood of cracks, extending the durability of your wooden buildings.<\/p>\n<\/div>\n<\/div>\n\n\n\n<div class=\"wp-block-columns is-layout-flex wp-container-core-columns-is-layout-d121b3d4 wp-block-columns-is-layout-flex\" style=\"padding-top:80px\">\n<div class=\"wp-block-column is-layout-flow wp-container-core-column-is-layout-3ca914a4 wp-block-column-is-layout-flow\">\n<h6 class=\"wp-block-heading has-text-color\" style=\"color:#000000;font-size:clamp(14px, 0.875rem + ((1vw - 3.2px) * 0.568), 19px);font-style:normal;font-weight:800\">Limited settlement:&nbsp;<\/h6>\n\n\n\n<p class=\"has-text-color\" style=\"color:#000000;font-size:clamp(14px, 0.875rem + ((1vw - 3.2px) * 0.227), 16px);\">Less and limited settlement ensures structural stability.<\/p>\n<\/div>\n\n\n\n<div class=\"wp-block-column is-layout-flow wp-container-core-column-is-layout-3ca914a4 wp-block-column-is-layout-flow\">\n<h6 class=\"wp-block-heading has-text-color\" style=\"color:#000000;font-size:clamp(14px, 0.875rem + ((1vw - 3.2px) * 0.568), 19px);font-style:normal;font-weight:800\">Fewer cracks:&nbsp;<\/h6>\n\n\n\n<p class=\"has-text-color\" style=\"color:#000000;font-size:clamp(14px, 0.875rem + ((1vw - 3.2px) * 0.227), 16px);\">Fewer cracks appear on the surface compared to solid logs.<\/p>\n<\/div>\n\n\n\n<div class=\"wp-block-column is-layout-flow wp-container-core-column-is-layout-3ca914a4 wp-block-column-is-layout-flow\">\n<h6 class=\"wp-block-heading has-text-color\" style=\"color:#000000;font-size:clamp(14px, 0.875rem + ((1vw - 3.2px) * 0.568), 19px);font-style:normal;font-weight:800\">accuracy:&nbsp;<\/h6>\n\n\n\n<p class=\"has-text-color\" style=\"color:#000000;font-size:clamp(14px, 0.875rem + ((1vw - 3.2px) * 0.227), 16px);\">Very precise milling and dimensional accuracy.<\/p>\n<\/div>\n<\/div>\n<\/div>\n<\/div>\n<\/div><\/div>\n<\/div>\n\n\n\n<div class=\"wp-block-cover alignfull is-light has-custom-color-2-color has-text-color\" style=\"margin-top:0px;margin-bottom:0px;padding-top:44px;padding-right:20px;padding-bottom:44px;padding-left:20px\"><span aria-hidden=\"true\" class=\"wp-block-cover__background has-custom-color-1-background-color has-background-dim-0 has-background-dim\"><\/span><div class=\"wp-block-cover__inner-container has-global-padding is-layout-constrained wp-container-core-cover-is-layout-f04e8ab0 wp-block-cover-is-layout-constrained\">\n<hr class=\"wp-block-separator has-text-color has-alpha-channel-opacity has-background\" style=\"margin-top:0px;margin-bottom:50px;background-color:#ffd835;color:#ffd835\"\/>\n\n\n\n<div class=\"wp-block-columns is-layout-flex wp-container-core-columns-is-layout-13e94aa7 wp-block-columns-is-layout-flex\">\n<div class=\"wp-block-column is-layout-flow wp-container-core-column-is-layout-fe0e2ea3 wp-block-column-is-layout-flow\">\n<figure class=\"wp-block-image size-full\"><img loading=\"lazy\" decoding=\"async\" width=\"853\" height=\"1280\" src=\"https:\/\/liepupis.lt\/wp-content\/uploads\/2024\/08\/DSC00828.jpg\" alt=\"\" class=\"wp-image-871\" srcset=\"https:\/\/liepupis.lt\/wp-content\/uploads\/2024\/08\/DSC00828.jpg 853w, https:\/\/liepupis.lt\/wp-content\/uploads\/2024\/08\/DSC00828-200x300.jpg 200w, https:\/\/liepupis.lt\/wp-content\/uploads\/2024\/08\/DSC00828-682x1024.jpg 682w, https:\/\/liepupis.lt\/wp-content\/uploads\/2024\/08\/DSC00828-768x1152.jpg 768w\" sizes=\"auto, (max-width: 853px) 100vw, 853px\" \/><\/figure>\n<\/div>\n\n\n\n<div class=\"wp-block-column is-layout-flow wp-container-core-column-is-layout-fe0e2ea3 wp-block-column-is-layout-flow\">\n<figure class=\"wp-block-image size-full\"><img loading=\"lazy\" decoding=\"async\" width=\"853\" height=\"1280\" src=\"https:\/\/liepupis.lt\/wp-content\/uploads\/2024\/08\/DSC00809-2.jpg\" alt=\"\" class=\"wp-image-869\" srcset=\"https:\/\/liepupis.lt\/wp-content\/uploads\/2024\/08\/DSC00809-2.jpg 853w, https:\/\/liepupis.lt\/wp-content\/uploads\/2024\/08\/DSC00809-2-200x300.jpg 200w, https:\/\/liepupis.lt\/wp-content\/uploads\/2024\/08\/DSC00809-2-682x1024.jpg 682w, https:\/\/liepupis.lt\/wp-content\/uploads\/2024\/08\/DSC00809-2-768x1152.jpg 768w\" sizes=\"auto, (max-width: 853px) 100vw, 853px\" \/><\/figure>\n<\/div>\n\n\n\n<div class=\"wp-block-column is-layout-flow wp-container-core-column-is-layout-da1d6529 wp-block-column-is-layout-flow\">\n<figure class=\"wp-block-image size-full\"><img loading=\"lazy\" decoding=\"async\" width=\"853\" height=\"1280\" src=\"https:\/\/liepupis.lt\/wp-content\/uploads\/2024\/08\/DSC00902-2-1.jpg\" alt=\"\" class=\"wp-image-868\" srcset=\"https:\/\/liepupis.lt\/wp-content\/uploads\/2024\/08\/DSC00902-2-1.jpg 853w, https:\/\/liepupis.lt\/wp-content\/uploads\/2024\/08\/DSC00902-2-1-200x300.jpg 200w, https:\/\/liepupis.lt\/wp-content\/uploads\/2024\/08\/DSC00902-2-1-682x1024.jpg 682w, https:\/\/liepupis.lt\/wp-content\/uploads\/2024\/08\/DSC00902-2-1-768x1152.jpg 768w\" sizes=\"auto, (max-width: 853px) 100vw, 853px\" \/><\/figure>\n<\/div>\n<\/div>\n<\/div><\/div>\n\n\n\n<div class=\"wp-block-group alignfull has-background has-global-padding is-layout-constrained wp-container-core-group-is-layout-6d8556d3 wp-block-group-is-layout-constrained\" style=\"background-color:#f5f8f5;margin-top:0px;margin-bottom:0px;padding-top:100px;padding-right:20px;padding-bottom:100px;padding-left:20px\">\n<div class=\"wp-block-columns alignwide is-layout-flex wp-container-core-columns-is-layout-e4de6edb wp-block-columns-is-layout-flex\" style=\"border-style:none;border-width:0px;margin-top:0px;margin-bottom:0px;padding-top:0px;padding-right:12px;padding-bottom:0px;padding-left:12px\">\n<div class=\"wp-block-column is-vertically-aligned-center is-layout-flow wp-container-core-column-is-layout-abe5317a wp-block-column-is-layout-flow\" style=\"padding-top:0px;padding-right:0px;padding-bottom:40px;padding-left:0px\">\n<h2 class=\"wp-block-heading has-text-align-center has-text-color has-inter-font-family\" style=\"color:#536942;margin-top:0;margin-bottom:36px;font-size:clamp(24.034px, 1.502rem + ((1vw - 3.2px) * 1.814), 40px);font-style:normal;font-weight:400\">Services and production<\/h2>\n\n\n\n<ul class=\"wp-block-list\">\n<li><strong>Structural timber:\u00a0<\/strong>We produce structural timber for log houses, frame and modular buildings, saunas, fences, roofs, gazebos, ceilings, etc.                    <\/li>\n\n\n\n<li><strong>Glued timber logs:<\/strong>\u00a0we produce glued laminated timber logs<strong>.<\/strong><\/li>\n\n\n\n<li><strong>Boards and siding:<\/strong>\u00a0We produce various sizes and types of boards and siding for interior and exterior decoration, roof cladding, flooring or terrace boards. You can purchase painted, dried, planed, impregnated, construction wood.<\/li>\n\n\n\n<li><strong>Painting:&nbsp;<\/strong>We provide industrial painting services.<\/li>\n<\/ul>\n<\/div>\n\n\n\n<div class=\"wp-block-column is-layout-flow wp-block-column-is-layout-flow\" style=\"flex-basis:40%\">\n<figure class=\"wp-block-image size-full\"><img loading=\"lazy\" decoding=\"async\" width=\"853\" height=\"1280\" src=\"https:\/\/liepupis.lt\/wp-content\/uploads\/2024\/08\/DSC00626-2.jpg\" alt=\"\" class=\"wp-image-854\" srcset=\"https:\/\/liepupis.lt\/wp-content\/uploads\/2024\/08\/DSC00626-2.jpg 853w, https:\/\/liepupis.lt\/wp-content\/uploads\/2024\/08\/DSC00626-2-200x300.jpg 200w, https:\/\/liepupis.lt\/wp-content\/uploads\/2024\/08\/DSC00626-2-682x1024.jpg 682w, https:\/\/liepupis.lt\/wp-content\/uploads\/2024\/08\/DSC00626-2-768x1152.jpg 768w\" sizes=\"auto, (max-width: 853px) 100vw, 853px\" \/><\/figure>\n<\/div>\n<\/div>\n<\/div>\n\n\n\n<div class=\"wp-block-group alignwide has-global-padding is-layout-constrained wp-container-core-group-is-layout-fc62357b wp-block-group-is-layout-constrained\" style=\"margin-top:0px;padding-top:0px;padding-right:0;padding-bottom:0px;padding-left:0\">\n<div class=\"wp-block-columns has-background is-layout-flex wp-container-core-columns-is-layout-c5f9c5c4 wp-block-columns-is-layout-flex\" style=\"border-style:none;border-width:0px;background-color:#eaeff9;margin-top:0px;margin-bottom:0px;padding-top:30px;padding-right:0px;padding-bottom:30px;padding-left:0px\">\n<div class=\"wp-block-column is-layout-flow wp-block-column-is-layout-flow\">\n<figure class=\"wp-block-image size-full is-resized\"><img loading=\"lazy\" decoding=\"async\" width=\"853\" height=\"1280\" src=\"https:\/\/liepupis.lt\/wp-content\/uploads\/2024\/08\/DSC00872-2.jpg\" alt=\"\" class=\"wp-image-857\" style=\"aspect-ratio:0.7658643326039387;object-fit:contain;width:481px;height:auto\" srcset=\"https:\/\/liepupis.lt\/wp-content\/uploads\/2024\/08\/DSC00872-2.jpg 853w, https:\/\/liepupis.lt\/wp-content\/uploads\/2024\/08\/DSC00872-2-200x300.jpg 200w, https:\/\/liepupis.lt\/wp-content\/uploads\/2024\/08\/DSC00872-2-682x1024.jpg 682w, https:\/\/liepupis.lt\/wp-content\/uploads\/2024\/08\/DSC00872-2-768x1152.jpg 768w\" sizes=\"auto, (max-width: 853px) 100vw, 853px\" \/><\/figure>\n<\/div>\n\n\n\n<div class=\"wp-block-column is-vertically-aligned-center is-layout-flow wp-container-core-column-is-layout-3d072ba8 wp-block-column-is-layout-flow\">\n<h2 class=\"wp-block-heading has-text-align-center has-text-color has-josefin-sans-font-family\" style=\"color:#292f45;margin-top:0;margin-bottom:0;padding-top:0;padding-bottom:0;font-size:clamp(22.041px, 1.378rem + ((1vw - 3.2px) * 1.586), 36px);font-style:normal;font-weight:600;line-height:1.3\">We build wooden buildings<\/h2>\n\n\n\n<p class=\"has-text-color has-josefin-sans-font-family\" style=\"color:#000000;padding-top:0px;padding-right:0px;padding-bottom:50px;padding-left:0px;font-size:clamp(14px, 0.875rem + ((1vw - 3.2px) * 0.455), 18px);font-style:normal;font-weight:400\"><strong>Wooden houses, saunas, gazebos, guest houses, wooden yurts<\/strong><\/p>\n\n\n\n<p><strong>Garages, garden sheds, carports, terraces, outbuildings<\/strong><\/p>\n\n\n\n<p class=\"has-text-color has-josefin-sans-font-family\" style=\"color:#000000;padding-top:0px;padding-right:0px;padding-bottom:50px;padding-left:0px;font-size:clamp(14px, 0.875rem + ((1vw - 3.2px) * 0.455), 18px);font-style:normal;font-weight:400\"><strong>Non-standard projects: we implement non-standard log buildings according to your wishes, aiming to create unique and functional solutions.<\/strong><\/p>\n<\/div>\n<\/div>\n<\/div>\n\n\n\n<div class=\"wp-block-cover alignfull is-light has-custom-color-2-color has-text-color\" style=\"border-style:none;border-width:0px;margin-top:0;margin-bottom:0;padding-top:0;padding-bottom:0;min-height:173px;aspect-ratio:unset;\"><span aria-hidden=\"true\" class=\"wp-block-cover__background has-background-dim-100 has-background-dim\" style=\"background-color:#f5f8f5\"><\/span><div class=\"wp-block-cover__inner-container has-global-padding is-layout-constrained wp-container-core-cover-is-layout-8922f597 wp-block-cover-is-layout-constrained\">\n<figure class=\"wp-block-image aligncenter size-full is-resized is-style-default wp-duotone-c4cdbf-c4cdbf-1\"><img decoding=\"async\" src=\"https:\/\/tyler.com\/wp-content\/uploads\/2023\/11\/svgviewer-output.png\" alt=\"\" class=\"wp-image-2223\" style=\"width:36px;height:auto\"\/><\/figure>\n\n\n\n<h1 class=\"wp-block-heading has-text-align-center has-text-color has-inter-font-family\" style=\"color:#536942;margin-bottom:1rem;font-size:clamp(16.293px, 1.018rem + ((1vw - 3.2px) * 0.989), 25px);font-style:normal;font-weight:400;letter-spacing:-2px;line-height:1.3\">Wood in Life:<\/h1>\n\n\n\n<h1 class=\"wp-block-heading has-text-align-center has-text-color has-inter-font-family\" style=\"color:#536942;margin-bottom:1rem;font-size:clamp(16.293px, 1.018rem + ((1vw - 3.2px) * 0.989), 25px);font-style:normal;font-weight:400;letter-spacing:-2px;line-height:1.3\">Natural Comfort and Distinctive Style<\/h1>\n<\/div><\/div>","protected":false},"excerpt":{"rendered":"<p>Paslaugos ir gamyba Statome medinius pastatus Medinius namus, pirtis, pav\u0117sines, sve\u010di\u0173 namus, medines jurtas Gara\u017eus, sodo namelius, stogines, terasas, \u016bkin\u0117s paskirties statinius Nestandartinius projektus:&nbsp;\u012fgyvendiname nestandartinius r\u0105stinius statinius pagal j\u016bs\u0173 pageidavimus, siekdami sukurti unikalius ir funkcionalius sprendimus.<\/p>","protected":false},"author":1,"featured_media":0,"parent":0,"menu_order":0,"comment_status":"closed","ping_status":"closed","template":"","meta":{"footnotes":""},"class_list":["post-306","page","type-page","status-publish","hentry"],"_links":{"self":[{"href":"https:\/\/liepupis.lt\/en\/wp-json\/wp\/v2\/pages\/306","targetHints":{"allow":["GET"]}}],"collection":[{"href":"https:\/\/liepupis.lt\/en\/wp-json\/wp\/v2\/pages"}],"about":[{"href":"https:\/\/liepupis.lt\/en\/wp-json\/wp\/v2\/types\/page"}],"author":[{"embeddable":true,"href":"https:\/\/liepupis.lt\/en\/wp-json\/wp\/v2\/users\/1"}],"replies":[{"embeddable":true,"href":"https:\/\/liepupis.lt\/en\/wp-json\/wp\/v2\/comments?post=306"}],"version-history":[{"count":105,"href":"https:\/\/liepupis.lt\/en\/wp-json\/wp\/v2\/pages\/306\/revisions"}],"predecessor-version":[{"id":1057,"href":"https:\/\/liepupis.lt\/en\/wp-json\/wp\/v2\/pages\/306\/revisions\/1057"}],"wp:attachment":[{"href":"https:\/\/liepupis.lt\/en\/wp-json\/wp\/v2\/media?parent=306"}],"curies":[{"name":"wp","href":"https:\/\/api.w.org\/{rel}","templated":true}]}}